{"id":88018,"date":"2019-11-25T13:27:16","date_gmt":"2019-11-25T12:27:16","guid":{"rendered":"https:\/\/www.innovatest-europe.com\/rockwell\/"},"modified":"2025-12-12T13:04:40","modified_gmt":"2025-12-12T12:04:40","slug":"durometre-rockwell","status":"publish","type":"page","link":"https:\/\/www.innovatest-shanghai.com\/fr\/durometre-rockwell\/","title":{"rendered":"Durom\u00e8tre Rockwell"},"content":{"rendered":"","protected":false},"excerpt":{"rendered":"","protected":false},"author":7,"featured_media":0,"parent":0,"menu_order":86,"comment_status":"closed","ping_status":"closed","template":"","meta":{"_acf_changed":false,"footnotes":""},"class_list":["post-88018","page","type-page","status-publish","hentry"],"acf":[],"yoast_head":"<!-- This site is optimized with the Yoast SEO plugin v27.0 - https:\/\/yoast.com\/product\/yoast-seo-wordpress\/ -->\n<title>Durom\u00e8tre Rockwell | \u00c9quipement de Test Fiable<\/title>\n<meta name=\"description\" content=\"Explorez nos testeurs de duret\u00e9 Rockwell pour des essais de mat\u00e9riaux rapides et constants. Des solutions fiables pour les applications industrielles.\" \/>\n<meta name=\"robots\" content=\"index, follow, max-snippet:-1, max-image-preview:large, max-video-preview:-1\" \/>\n<link rel=\"canonical\" href=\"https:\/\/www.innovatest-europe.com\/fr\/wp-json\/wp\/v2\/pages\/88018\" \/>\n<meta property=\"og:locale\" content=\"fr_FR\" \/>\n<meta property=\"og:type\" content=\"article\" \/>\n<meta property=\"og:title\" content=\"Durom\u00e8tre Rockwell | \u00c9quipement de Test Fiable\" \/>\n<meta property=\"og:description\" content=\"Explorez nos testeurs de duret\u00e9 Rockwell pour des essais de mat\u00e9riaux rapides et constants. Des solutions fiables pour les applications industrielles.\" \/>\n<meta property=\"og:url\" content=\"https:\/\/www.innovatest-shanghai.com\/fr\/durometre-rockwell\/\" \/>\n<meta property=\"og:site_name\" content=\"INNOVATEST\" \/>\n<meta property=\"article:modified_time\" content=\"2025-12-12T12:04:40+00:00\" \/>\n<meta name=\"twitter:card\" content=\"summary_large_image\" \/>\n<meta name=\"twitter:label1\" content=\"Dur\u00e9e de lecture estim\u00e9e\" \/>\n\t<meta name=\"twitter:data1\" content=\"4 minutes\" \/>\n<script type=\"application\/ld+json\" class=\"yoast-schema-graph\">{\"@context\":\"https:\/\/schema.org\",\"@graph\":[{\"@type\":\"WebPage\",\"@id\":\"https:\/\/www.innovatest-shanghai.com\/fr\/durometre-rockwell\/\",\"url\":\"https:\/\/www.innovatest-shanghai.com\/fr\/durometre-rockwell\/\",\"name\":\"Durom\u00e8tre Rockwell | \u00c9quipement de Test Fiable\",\"isPartOf\":{\"@id\":\"https:\/\/www.innovatest-europe.com\/#website\"},\"datePublished\":\"2019-11-25T12:27:16+00:00\",\"dateModified\":\"2025-12-12T12:04:40+00:00\",\"description\":\"Explorez nos testeurs de duret\u00e9 Rockwell pour des essais de mat\u00e9riaux rapides et constants. Des solutions fiables pour les applications industrielles.\",\"breadcrumb\":{\"@id\":\"https:\/\/www.innovatest-shanghai.com\/fr\/durometre-rockwell\/#breadcrumb\"},\"inLanguage\":\"fr-FR\",\"potentialAction\":[{\"@type\":\"ReadAction\",\"target\":[\"https:\/\/www.innovatest-shanghai.com\/fr\/durometre-rockwell\/\"]}]},{\"@type\":\"BreadcrumbList\",\"@id\":\"https:\/\/www.innovatest-shanghai.com\/fr\/durometre-rockwell\/#breadcrumb\",\"itemListElement\":[{\"@type\":\"ListItem\",\"position\":1,\"name\":\"Home\",\"item\":\"https:\/\/www.innovatest-europe.com\/fr\/\"},{\"@type\":\"ListItem\",\"position\":2,\"name\":\"Durom\u00e8tre Rockwell\"}]},{\"@type\":\"WebSite\",\"@id\":\"https:\/\/www.innovatest-europe.com\/#website\",\"url\":\"https:\/\/www.innovatest-europe.com\/\",\"name\":\"INNOVATEST\",\"description\":\"\",\"potentialAction\":[{\"@type\":\"SearchAction\",\"target\":{\"@type\":\"EntryPoint\",\"urlTemplate\":\"https:\/\/www.innovatest-europe.com\/?s={search_term_string}\"},\"query-input\":{\"@type\":\"PropertyValueSpecification\",\"valueRequired\":true,\"valueName\":\"search_term_string\"}}],\"inLanguage\":\"fr-FR\"}]}<\/script>\n<!-- \/ Yoast SEO plugin. -->","yoast_head_json":{"title":"Durom\u00e8tre Rockwell | \u00c9quipement de Test Fiable","description":"Explorez nos testeurs de duret\u00e9 Rockwell pour des essais de mat\u00e9riaux rapides et constants. Des solutions fiables pour les applications industrielles.","robots":{"index":"index","follow":"follow","max-snippet":"max-snippet:-1","max-image-preview":"max-image-preview:large","max-video-preview":"max-video-preview:-1"},"canonical":"https:\/\/www.innovatest-europe.com\/fr\/wp-json\/wp\/v2\/pages\/88018","og_locale":"fr_FR","og_type":"article","og_title":"Durom\u00e8tre Rockwell | \u00c9quipement de Test Fiable","og_description":"Explorez nos testeurs de duret\u00e9 Rockwell pour des essais de mat\u00e9riaux rapides et constants. Des solutions fiables pour les applications industrielles.","og_url":"https:\/\/www.innovatest-shanghai.com\/fr\/durometre-rockwell\/","og_site_name":"INNOVATEST","article_modified_time":"2025-12-12T12:04:40+00:00","twitter_card":"summary_large_image","twitter_misc":{"Dur\u00e9e de lecture estim\u00e9e":"4 minutes"},"schema":{"@context":"https:\/\/schema.org","@graph":[{"@type":"WebPage","@id":"https:\/\/www.innovatest-shanghai.com\/fr\/durometre-rockwell\/","url":"https:\/\/www.innovatest-shanghai.com\/fr\/durometre-rockwell\/","name":"Durom\u00e8tre Rockwell | \u00c9quipement de Test Fiable","isPartOf":{"@id":"https:\/\/www.innovatest-europe.com\/#website"},"datePublished":"2019-11-25T12:27:16+00:00","dateModified":"2025-12-12T12:04:40+00:00","description":"Explorez nos testeurs de duret\u00e9 Rockwell pour des essais de mat\u00e9riaux rapides et constants. Des solutions fiables pour les applications industrielles.","breadcrumb":{"@id":"https:\/\/www.innovatest-shanghai.com\/fr\/durometre-rockwell\/#breadcrumb"},"inLanguage":"fr-FR","potentialAction":[{"@type":"ReadAction","target":["https:\/\/www.innovatest-shanghai.com\/fr\/durometre-rockwell\/"]}]},{"@type":"BreadcrumbList","@id":"https:\/\/www.innovatest-shanghai.com\/fr\/durometre-rockwell\/#breadcrumb","itemListElement":[{"@type":"ListItem","position":1,"name":"Home","item":"https:\/\/www.innovatest-europe.com\/fr\/"},{"@type":"ListItem","position":2,"name":"Durom\u00e8tre Rockwell"}]},{"@type":"WebSite","@id":"https:\/\/www.innovatest-europe.com\/#website","url":"https:\/\/www.innovatest-europe.com\/","name":"INNOVATEST","description":"","potentialAction":[{"@type":"SearchAction","target":{"@type":"EntryPoint","urlTemplate":"https:\/\/www.innovatest-europe.com\/?s={search_term_string}"},"query-input":{"@type":"PropertyValueSpecification","valueRequired":true,"valueName":"search_term_string"}}],"inLanguage":"fr-FR"}]}},"_links":{"self":[{"href":"https:\/\/www.innovatest-shanghai.com\/fr\/wp-json\/wp\/v2\/pages\/88018","targetHints":{"allow":["GET"]}}],"collection":[{"href":"https:\/\/www.innovatest-shanghai.com\/fr\/wp-json\/wp\/v2\/pages"}],"about":[{"href":"https:\/\/www.innovatest-shanghai.com\/fr\/wp-json\/wp\/v2\/types\/page"}],"author":[{"embeddable":true,"href":"https:\/\/www.innovatest-shanghai.com\/fr\/wp-json\/wp\/v2\/users\/7"}],"replies":[{"embeddable":true,"href":"https:\/\/www.innovatest-shanghai.com\/fr\/wp-json\/wp\/v2\/comments?post=88018"}],"version-history":[{"count":16,"href":"https:\/\/www.innovatest-shanghai.com\/fr\/wp-json\/wp\/v2\/pages\/88018\/revisions"}],"predecessor-version":[{"id":229881,"href":"https:\/\/www.innovatest-shanghai.com\/fr\/wp-json\/wp\/v2\/pages\/88018\/revisions\/229881"}],"wp:attachment":[{"href":"https:\/\/www.innovatest-shanghai.com\/fr\/wp-json\/wp\/v2\/media?parent=88018"}],"curies":[{"name":"wp","href":"https:\/\/api.w.org\/{rel}","templated":true}]}}