{"id":88022,"date":"2019-11-25T13:32:50","date_gmt":"2019-11-25T12:32:50","guid":{"rendered":"https:\/\/www.innovatest-europe.com\/brinell\/"},"modified":"2025-11-20T10:46:44","modified_gmt":"2025-11-20T09:46:44","slug":"durometre-brinell","status":"publish","type":"page","link":"https:\/\/www.innovatest-shanghai.com\/fr\/durometre-brinell\/","title":{"rendered":"Durom\u00e8tre Brinell"},"content":{"rendered":"","protected":false},"excerpt":{"rendered":"","protected":false},"author":7,"featured_media":0,"parent":0,"menu_order":88,"comment_status":"closed","ping_status":"closed","template":"","meta":{"_acf_changed":false,"footnotes":""},"class_list":["post-88022","page","type-page","status-publish","hentry"],"acf":[],"yoast_head":"<!-- This site is optimized with the Yoast SEO plugin v27.0 - https:\/\/yoast.com\/product\/yoast-seo-wordpress\/ -->\n<title>Durom\u00e8tre Brinell | Machines de Test Durables et Pr\u00e9cises<\/title>\n<meta name=\"description\" content=\"Testeurs de duret\u00e9 Brinell avanc\u00e9s, con\u00e7us pour des essais de mat\u00e9riaux fiables et pr\u00e9cis. Id\u00e9aux pour les m\u00e9taux, les alliages, et bien plus. D\u00e9couvrez les mod\u00e8les et les sp\u00e9cifications.\" \/>\n<meta name=\"robots\" content=\"index, follow, max-snippet:-1, max-image-preview:large, max-video-preview:-1\" \/>\n<link rel=\"canonical\" href=\"https:\/\/www.innovatest-europe.com\/fr\/wp-json\/wp\/v2\/pages\/88022\" \/>\n<meta property=\"og:locale\" content=\"fr_FR\" \/>\n<meta property=\"og:type\" content=\"article\" \/>\n<meta property=\"og:title\" content=\"Durom\u00e8tre Brinell | Machines de Test Durables et Pr\u00e9cises\" \/>\n<meta property=\"og:description\" content=\"Testeurs de duret\u00e9 Brinell avanc\u00e9s, con\u00e7us pour des essais de mat\u00e9riaux fiables et pr\u00e9cis. Id\u00e9aux pour les m\u00e9taux, les alliages, et bien plus. D\u00e9couvrez les mod\u00e8les et les sp\u00e9cifications.\" \/>\n<meta property=\"og:url\" content=\"https:\/\/www.innovatest-shanghai.com\/fr\/durometre-brinell\/\" \/>\n<meta property=\"og:site_name\" content=\"INNOVATEST\" \/>\n<meta property=\"article:modified_time\" content=\"2025-11-20T09:46:44+00:00\" \/>\n<meta name=\"twitter:card\" content=\"summary_large_image\" \/>\n<meta name=\"twitter:label1\" content=\"Dur\u00e9e de lecture estim\u00e9e\" \/>\n\t<meta name=\"twitter:data1\" content=\"5 minutes\" \/>\n<script type=\"application\/ld+json\" class=\"yoast-schema-graph\">{\"@context\":\"https:\/\/schema.org\",\"@graph\":[{\"@type\":\"WebPage\",\"@id\":\"https:\/\/www.innovatest-shanghai.com\/fr\/durometre-brinell\/\",\"url\":\"https:\/\/www.innovatest-shanghai.com\/fr\/durometre-brinell\/\",\"name\":\"Durom\u00e8tre Brinell | Machines de Test Durables et Pr\u00e9cises\",\"isPartOf\":{\"@id\":\"https:\/\/www.innovatest-europe.com\/#website\"},\"datePublished\":\"2019-11-25T12:32:50+00:00\",\"dateModified\":\"2025-11-20T09:46:44+00:00\",\"description\":\"Testeurs de duret\u00e9 Brinell avanc\u00e9s, con\u00e7us pour des essais de mat\u00e9riaux fiables et pr\u00e9cis. Id\u00e9aux pour les m\u00e9taux, les alliages, et bien plus. D\u00e9couvrez les mod\u00e8les et les sp\u00e9cifications.\",\"breadcrumb\":{\"@id\":\"https:\/\/www.innovatest-shanghai.com\/fr\/durometre-brinell\/#breadcrumb\"},\"inLanguage\":\"fr-FR\",\"potentialAction\":[{\"@type\":\"ReadAction\",\"target\":[\"https:\/\/www.innovatest-shanghai.com\/fr\/durometre-brinell\/\"]}]},{\"@type\":\"BreadcrumbList\",\"@id\":\"https:\/\/www.innovatest-shanghai.com\/fr\/durometre-brinell\/#breadcrumb\",\"itemListElement\":[{\"@type\":\"ListItem\",\"position\":1,\"name\":\"Home\",\"item\":\"https:\/\/www.innovatest-europe.com\/fr\/\"},{\"@type\":\"ListItem\",\"position\":2,\"name\":\"Durom\u00e8tre Brinell\"}]},{\"@type\":\"WebSite\",\"@id\":\"https:\/\/www.innovatest-europe.com\/#website\",\"url\":\"https:\/\/www.innovatest-europe.com\/\",\"name\":\"INNOVATEST\",\"description\":\"\",\"potentialAction\":[{\"@type\":\"SearchAction\",\"target\":{\"@type\":\"EntryPoint\",\"urlTemplate\":\"https:\/\/www.innovatest-europe.com\/?s={search_term_string}\"},\"query-input\":{\"@type\":\"PropertyValueSpecification\",\"valueRequired\":true,\"valueName\":\"search_term_string\"}}],\"inLanguage\":\"fr-FR\"}]}<\/script>\n<!-- \/ Yoast SEO plugin. -->","yoast_head_json":{"title":"Durom\u00e8tre Brinell | Machines de Test Durables et Pr\u00e9cises","description":"Testeurs de duret\u00e9 Brinell avanc\u00e9s, con\u00e7us pour des essais de mat\u00e9riaux fiables et pr\u00e9cis. Id\u00e9aux pour les m\u00e9taux, les alliages, et bien plus. D\u00e9couvrez les mod\u00e8les et les sp\u00e9cifications.","robots":{"index":"index","follow":"follow","max-snippet":"max-snippet:-1","max-image-preview":"max-image-preview:large","max-video-preview":"max-video-preview:-1"},"canonical":"https:\/\/www.innovatest-europe.com\/fr\/wp-json\/wp\/v2\/pages\/88022","og_locale":"fr_FR","og_type":"article","og_title":"Durom\u00e8tre Brinell | Machines de Test Durables et Pr\u00e9cises","og_description":"Testeurs de duret\u00e9 Brinell avanc\u00e9s, con\u00e7us pour des essais de mat\u00e9riaux fiables et pr\u00e9cis. Id\u00e9aux pour les m\u00e9taux, les alliages, et bien plus. D\u00e9couvrez les mod\u00e8les et les sp\u00e9cifications.","og_url":"https:\/\/www.innovatest-shanghai.com\/fr\/durometre-brinell\/","og_site_name":"INNOVATEST","article_modified_time":"2025-11-20T09:46:44+00:00","twitter_card":"summary_large_image","twitter_misc":{"Dur\u00e9e de lecture estim\u00e9e":"5 minutes"},"schema":{"@context":"https:\/\/schema.org","@graph":[{"@type":"WebPage","@id":"https:\/\/www.innovatest-shanghai.com\/fr\/durometre-brinell\/","url":"https:\/\/www.innovatest-shanghai.com\/fr\/durometre-brinell\/","name":"Durom\u00e8tre Brinell | Machines de Test Durables et Pr\u00e9cises","isPartOf":{"@id":"https:\/\/www.innovatest-europe.com\/#website"},"datePublished":"2019-11-25T12:32:50+00:00","dateModified":"2025-11-20T09:46:44+00:00","description":"Testeurs de duret\u00e9 Brinell avanc\u00e9s, con\u00e7us pour des essais de mat\u00e9riaux fiables et pr\u00e9cis. Id\u00e9aux pour les m\u00e9taux, les alliages, et bien plus. D\u00e9couvrez les mod\u00e8les et les sp\u00e9cifications.","breadcrumb":{"@id":"https:\/\/www.innovatest-shanghai.com\/fr\/durometre-brinell\/#breadcrumb"},"inLanguage":"fr-FR","potentialAction":[{"@type":"ReadAction","target":["https:\/\/www.innovatest-shanghai.com\/fr\/durometre-brinell\/"]}]},{"@type":"BreadcrumbList","@id":"https:\/\/www.innovatest-shanghai.com\/fr\/durometre-brinell\/#breadcrumb","itemListElement":[{"@type":"ListItem","position":1,"name":"Home","item":"https:\/\/www.innovatest-europe.com\/fr\/"},{"@type":"ListItem","position":2,"name":"Durom\u00e8tre Brinell"}]},{"@type":"WebSite","@id":"https:\/\/www.innovatest-europe.com\/#website","url":"https:\/\/www.innovatest-europe.com\/","name":"INNOVATEST","description":"","potentialAction":[{"@type":"SearchAction","target":{"@type":"EntryPoint","urlTemplate":"https:\/\/www.innovatest-europe.com\/?s={search_term_string}"},"query-input":{"@type":"PropertyValueSpecification","valueRequired":true,"valueName":"search_term_string"}}],"inLanguage":"fr-FR"}]}},"_links":{"self":[{"href":"https:\/\/www.innovatest-shanghai.com\/fr\/wp-json\/wp\/v2\/pages\/88022","targetHints":{"allow":["GET"]}}],"collection":[{"href":"https:\/\/www.innovatest-shanghai.com\/fr\/wp-json\/wp\/v2\/pages"}],"about":[{"href":"https:\/\/www.innovatest-shanghai.com\/fr\/wp-json\/wp\/v2\/types\/page"}],"author":[{"embeddable":true,"href":"https:\/\/www.innovatest-shanghai.com\/fr\/wp-json\/wp\/v2\/users\/7"}],"replies":[{"embeddable":true,"href":"https:\/\/www.innovatest-shanghai.com\/fr\/wp-json\/wp\/v2\/comments?post=88022"}],"version-history":[{"count":12,"href":"https:\/\/www.innovatest-shanghai.com\/fr\/wp-json\/wp\/v2\/pages\/88022\/revisions"}],"predecessor-version":[{"id":228698,"href":"https:\/\/www.innovatest-shanghai.com\/fr\/wp-json\/wp\/v2\/pages\/88022\/revisions\/228698"}],"wp:attachment":[{"href":"https:\/\/www.innovatest-shanghai.com\/fr\/wp-json\/wp\/v2\/media?parent=88022"}],"curies":[{"name":"wp","href":"https:\/\/api.w.org\/{rel}","templated":true}]}}