{"id":88032,"date":"2019-11-25T13:40:08","date_gmt":"2019-11-25T12:40:08","guid":{"rendered":"https:\/\/www.innovatest-europe.com\/knoop\/"},"modified":"2025-12-12T13:13:34","modified_gmt":"2025-12-12T12:13:34","slug":"durometre-knoop","status":"publish","type":"page","link":"https:\/\/www.innovatest-shanghai.com\/fr\/durometre-knoop\/","title":{"rendered":"Durom\u00e8tre Knoop"},"content":{"rendered":"","protected":false},"excerpt":{"rendered":"","protected":false},"author":7,"featured_media":0,"parent":0,"menu_order":101,"comment_status":"closed","ping_status":"closed","template":"","meta":{"_acf_changed":false,"footnotes":""},"class_list":["post-88032","page","type-page","status-publish","hentry"],"acf":[],"yoast_head":"<!-- This site is optimized with the Yoast SEO plugin v27.0 - https:\/\/yoast.com\/product\/yoast-seo-wordpress\/ -->\n<title>Durom\u00e8tre Knoop | Tests de Pr\u00e9cision pour Pi\u00e8ces Minces<\/title>\n<meta name=\"description\" content=\"Testeurs de duret\u00e9 Knoop pr\u00e9cis pour mat\u00e9riaux fins et rev\u00eatements. Id\u00e9als pour les laboratoires n\u00e9cessitant une pr\u00e9cision et une coh\u00e9rence en microduret\u00e9. D\u00e9couvrez les mod\u00e8les et les sp\u00e9cifications.\" \/>\n<meta name=\"robots\" content=\"index, follow, max-snippet:-1, max-image-preview:large, max-video-preview:-1\" \/>\n<link rel=\"canonical\" href=\"https:\/\/www.innovatest-europe.com\/fr\/wp-json\/wp\/v2\/pages\/88032\" \/>\n<meta property=\"og:locale\" content=\"fr_FR\" \/>\n<meta property=\"og:type\" content=\"article\" \/>\n<meta property=\"og:title\" content=\"Durom\u00e8tre Knoop | Tests de Pr\u00e9cision pour Pi\u00e8ces Minces\" \/>\n<meta property=\"og:description\" content=\"Testeurs de duret\u00e9 Knoop pr\u00e9cis pour mat\u00e9riaux fins et rev\u00eatements. Id\u00e9als pour les laboratoires n\u00e9cessitant une pr\u00e9cision et une coh\u00e9rence en microduret\u00e9. D\u00e9couvrez les mod\u00e8les et les sp\u00e9cifications.\" \/>\n<meta property=\"og:url\" content=\"https:\/\/www.innovatest-shanghai.com\/fr\/durometre-knoop\/\" \/>\n<meta property=\"og:site_name\" content=\"INNOVATEST\" \/>\n<meta property=\"article:modified_time\" content=\"2025-12-12T12:13:34+00:00\" \/>\n<meta name=\"twitter:card\" content=\"summary_large_image\" \/>\n<meta name=\"twitter:label1\" content=\"Dur\u00e9e de lecture estim\u00e9e\" \/>\n\t<meta name=\"twitter:data1\" content=\"4 minutes\" \/>\n<script type=\"application\/ld+json\" class=\"yoast-schema-graph\">{\"@context\":\"https:\/\/schema.org\",\"@graph\":[{\"@type\":\"WebPage\",\"@id\":\"https:\/\/www.innovatest-shanghai.com\/fr\/durometre-knoop\/\",\"url\":\"https:\/\/www.innovatest-shanghai.com\/fr\/durometre-knoop\/\",\"name\":\"Durom\u00e8tre Knoop | Tests de Pr\u00e9cision pour Pi\u00e8ces Minces\",\"isPartOf\":{\"@id\":\"https:\/\/www.innovatest-europe.com\/#website\"},\"datePublished\":\"2019-11-25T12:40:08+00:00\",\"dateModified\":\"2025-12-12T12:13:34+00:00\",\"description\":\"Testeurs de duret\u00e9 Knoop pr\u00e9cis pour mat\u00e9riaux fins et rev\u00eatements. Id\u00e9als pour les laboratoires n\u00e9cessitant une pr\u00e9cision et une coh\u00e9rence en microduret\u00e9. D\u00e9couvrez les mod\u00e8les et les sp\u00e9cifications.\",\"breadcrumb\":{\"@id\":\"https:\/\/www.innovatest-shanghai.com\/fr\/durometre-knoop\/#breadcrumb\"},\"inLanguage\":\"fr-FR\",\"potentialAction\":[{\"@type\":\"ReadAction\",\"target\":[\"https:\/\/www.innovatest-shanghai.com\/fr\/durometre-knoop\/\"]}]},{\"@type\":\"BreadcrumbList\",\"@id\":\"https:\/\/www.innovatest-shanghai.com\/fr\/durometre-knoop\/#breadcrumb\",\"itemListElement\":[{\"@type\":\"ListItem\",\"position\":1,\"name\":\"Home\",\"item\":\"https:\/\/www.innovatest-europe.com\/fr\/\"},{\"@type\":\"ListItem\",\"position\":2,\"name\":\"Durom\u00e8tre Knoop\"}]},{\"@type\":\"WebSite\",\"@id\":\"https:\/\/www.innovatest-europe.com\/#website\",\"url\":\"https:\/\/www.innovatest-europe.com\/\",\"name\":\"INNOVATEST\",\"description\":\"\",\"potentialAction\":[{\"@type\":\"SearchAction\",\"target\":{\"@type\":\"EntryPoint\",\"urlTemplate\":\"https:\/\/www.innovatest-europe.com\/?s={search_term_string}\"},\"query-input\":{\"@type\":\"PropertyValueSpecification\",\"valueRequired\":true,\"valueName\":\"search_term_string\"}}],\"inLanguage\":\"fr-FR\"}]}<\/script>\n<!-- \/ Yoast SEO plugin. -->","yoast_head_json":{"title":"Durom\u00e8tre Knoop | Tests de Pr\u00e9cision pour Pi\u00e8ces Minces","description":"Testeurs de duret\u00e9 Knoop pr\u00e9cis pour mat\u00e9riaux fins et rev\u00eatements. Id\u00e9als pour les laboratoires n\u00e9cessitant une pr\u00e9cision et une coh\u00e9rence en microduret\u00e9. D\u00e9couvrez les mod\u00e8les et les sp\u00e9cifications.","robots":{"index":"index","follow":"follow","max-snippet":"max-snippet:-1","max-image-preview":"max-image-preview:large","max-video-preview":"max-video-preview:-1"},"canonical":"https:\/\/www.innovatest-europe.com\/fr\/wp-json\/wp\/v2\/pages\/88032","og_locale":"fr_FR","og_type":"article","og_title":"Durom\u00e8tre Knoop | Tests de Pr\u00e9cision pour Pi\u00e8ces Minces","og_description":"Testeurs de duret\u00e9 Knoop pr\u00e9cis pour mat\u00e9riaux fins et rev\u00eatements. Id\u00e9als pour les laboratoires n\u00e9cessitant une pr\u00e9cision et une coh\u00e9rence en microduret\u00e9. D\u00e9couvrez les mod\u00e8les et les sp\u00e9cifications.","og_url":"https:\/\/www.innovatest-shanghai.com\/fr\/durometre-knoop\/","og_site_name":"INNOVATEST","article_modified_time":"2025-12-12T12:13:34+00:00","twitter_card":"summary_large_image","twitter_misc":{"Dur\u00e9e de lecture estim\u00e9e":"4 minutes"},"schema":{"@context":"https:\/\/schema.org","@graph":[{"@type":"WebPage","@id":"https:\/\/www.innovatest-shanghai.com\/fr\/durometre-knoop\/","url":"https:\/\/www.innovatest-shanghai.com\/fr\/durometre-knoop\/","name":"Durom\u00e8tre Knoop | Tests de Pr\u00e9cision pour Pi\u00e8ces Minces","isPartOf":{"@id":"https:\/\/www.innovatest-europe.com\/#website"},"datePublished":"2019-11-25T12:40:08+00:00","dateModified":"2025-12-12T12:13:34+00:00","description":"Testeurs de duret\u00e9 Knoop pr\u00e9cis pour mat\u00e9riaux fins et rev\u00eatements. Id\u00e9als pour les laboratoires n\u00e9cessitant une pr\u00e9cision et une coh\u00e9rence en microduret\u00e9. D\u00e9couvrez les mod\u00e8les et les sp\u00e9cifications.","breadcrumb":{"@id":"https:\/\/www.innovatest-shanghai.com\/fr\/durometre-knoop\/#breadcrumb"},"inLanguage":"fr-FR","potentialAction":[{"@type":"ReadAction","target":["https:\/\/www.innovatest-shanghai.com\/fr\/durometre-knoop\/"]}]},{"@type":"BreadcrumbList","@id":"https:\/\/www.innovatest-shanghai.com\/fr\/durometre-knoop\/#breadcrumb","itemListElement":[{"@type":"ListItem","position":1,"name":"Home","item":"https:\/\/www.innovatest-europe.com\/fr\/"},{"@type":"ListItem","position":2,"name":"Durom\u00e8tre Knoop"}]},{"@type":"WebSite","@id":"https:\/\/www.innovatest-europe.com\/#website","url":"https:\/\/www.innovatest-europe.com\/","name":"INNOVATEST","description":"","potentialAction":[{"@type":"SearchAction","target":{"@type":"EntryPoint","urlTemplate":"https:\/\/www.innovatest-europe.com\/?s={search_term_string}"},"query-input":{"@type":"PropertyValueSpecification","valueRequired":true,"valueName":"search_term_string"}}],"inLanguage":"fr-FR"}]}},"_links":{"self":[{"href":"https:\/\/www.innovatest-shanghai.com\/fr\/wp-json\/wp\/v2\/pages\/88032","targetHints":{"allow":["GET"]}}],"collection":[{"href":"https:\/\/www.innovatest-shanghai.com\/fr\/wp-json\/wp\/v2\/pages"}],"about":[{"href":"https:\/\/www.innovatest-shanghai.com\/fr\/wp-json\/wp\/v2\/types\/page"}],"author":[{"embeddable":true,"href":"https:\/\/www.innovatest-shanghai.com\/fr\/wp-json\/wp\/v2\/users\/7"}],"replies":[{"embeddable":true,"href":"https:\/\/www.innovatest-shanghai.com\/fr\/wp-json\/wp\/v2\/comments?post=88032"}],"version-history":[{"count":5,"href":"https:\/\/www.innovatest-shanghai.com\/fr\/wp-json\/wp\/v2\/pages\/88032\/revisions"}],"predecessor-version":[{"id":230061,"href":"https:\/\/www.innovatest-shanghai.com\/fr\/wp-json\/wp\/v2\/pages\/88032\/revisions\/230061"}],"wp:attachment":[{"href":"https:\/\/www.innovatest-shanghai.com\/fr\/wp-json\/wp\/v2\/media?parent=88032"}],"curies":[{"name":"wp","href":"https:\/\/api.w.org\/{rel}","templated":true}]}}